{"id":2628,"date":"2022-10-13T20:11:00","date_gmt":"2022-10-13T20:11:00","guid":{"rendered":"https:\/\/caratcasino.by\/?page_id=2628"},"modified":"2025-09-24T11:11:54","modified_gmt":"2025-09-24T11:11:54","slug":"texas-poker","status":"publish","type":"page","link":"https:\/\/caratcasino.by\/tr\/texas-poker\/","title":{"rendered":"Poker"},"content":{"rendered":"<div data-elementor-type=\"wp-page\" data-elementor-id=\"2628\" class=\"elementor elementor-2628\">\n\t\t\t\t\t\t\t\t\t<section class=\"elementor-section elementor-top-section elementor-element elementor-element-4acd2fb3 elementor-section-full_width odd featured elementor-section-height-default elementor-section-height-default\" data-id=\"4acd2fb3\" data-element_type=\"section\" data-settings=\"{&quot;background_background&quot;:&quot;classic&quot;}\">\n\t\t\t\t\t\t\t<div class=\"elementor-background-overlay\"><\/div>\n\t\t\t\t\t\t\t<div class=\"elementor-container elementor-column-gap-no\">\n\t\t\t\t\t<div class=\"elementor-column elementor-col-100 elementor-top-column elementor-element elementor-element-7f58fa09\" data-id=\"7f58fa09\" data-element_type=\"column\">\n\t\t\t<div class=\"elementor-widget-wrap elementor-element-populated\">\n\t\t\t\t\t\t\t\t<div class=\"elementor-element elementor-element-1fd93f0f elementor-widget elementor-widget-leverage-slider\" data-id=\"1fd93f0f\" data-element_type=\"widget\" data-widget_type=\"leverage-slider.default\">\n\t\t\t\t<div class=\"elementor-widget-container\">\n\t\t\t\r\n\t\t<section class=\"hero p-0\">\r\n\t\t\t<div class=\"swiper-container slider-container no-slider animation slider-h-auto slider-h-75\" data-speed=\"10000\">\r\n\t\t\t\t<div class=\"swiper-wrapper\">\r\n\r\n\t\t\t\t\t\r\n\t\t\t\t\t\t<div class=\"swiper-slide slide-center slider-item\">\r\n\r\n\t\t\t\t\t\t\t\t\t\t\t\t\t\t\t<div id=\"particles-1\" class=\"particles full-image\" data-particle=\"space\"><\/div>\r\n\t\t\t\t\t\t\t\r\n\t\t\t\t\t\t\t\t\t\t\t\t\t\t\t<img decoding=\"async\" data-aos=\"zoom-out-up\" data-aos-delay=\"400\" src=\"https:\/\/caratcasino.by\/wp-content\/uploads\/2022\/10\/poker.jpg\" class=\"slider-image full-image\" alt=\"Poker\">\r\n\t\t\t\t\t\t\t\r\n\t\t\t\t\t\t\t<div class=\"slide-content row\">\r\n\t\t\t\t\t\t\t\t<div class=\"col-12 d-flex justify-content-end inner\">\r\n\t\t\t\t\t\t\t\t\t<div class=\"slider-outline  left text-center text-md-left\" style=\"width: 85%\">\r\n\r\n\t\t\t\t\t\t\t\t\t\t\t\t\t\t\t\t\t\t\t\t\t<h2 class=\"title effect-static-text title effect-static-text\" data-aos=\"zoom-out-up\" data-aos-delay=\"400\">\r\n\t\t\t\t\t\t\t\t\t\t\t\tPoker\t\t\t\t\t\t\t\t\t\t\t<\/h2>\r\n\t\t\t\t\t\t\t\t\t\t\r\n\t\t\t\t\t\t\t\t\t\t\r\n\t\t\t\t\t\t\t\t\t\t\t\t\t\t\t\t\t\t\t\t\t<p class=\"description description\" data-aos=\"zoom-out-up\" data-aos-delay=\"800\">\r\n\t\t\t\t\t\t\t\t\t\t\t\tMinsk'in kalbindeki bir kumarhanede s\u0131n\u0131rs\u0131z oynay\u0131n!\t\t\t\t\t\t\t\t\t\t\t<\/p>\r\n\t\t\t\t\t\t\t\t\t\t\r\n\t\t\t\t\t\t\t\t\t\t<div class=\"buttons buttons\" data-aos=\"zoom-out-up\" data-aos-delay=\"1200\">\r\n\r\n\t\t\t\t\t\t\t\t\t\t\t\r\n\t\t\t\t\t\t\t\t\t\t\t<div class=\"d-sm-inline-flex justify-content-start\">\r\n\r\n\t\t\t\t\t\t\t\t\t\t\t\t\r\n\t\t\t\t\t\t\t\t\t\t\t\t\t\t\t\t\t\t\t\t\t\t\t\t\r\n\t\t\t\t\t\t\t\t\t\t\t\t\r\n\t\t\t\t\t\t\t\t\t\t\t\t\r\n\t\t\t\t\t\t\t\t\t\t\t<\/div>\r\n\t\t\t\t\t\t\t\t\t\t<\/div>\r\n\r\n\t\t\t\t\t\t\t\t\t<\/div>\r\n\t\t\t\t\t\t\t\t<\/div>\r\n\t\t\t\t\t\t\t<\/div>\r\n\t\t\t\t\t\t<\/div>\r\n\t\t\t\t\t\r\n\t\t\t\t\t\r\n\t\t\t\t<\/div>\r\n\t\t\t\t\t\t\t\t\t<div class=\"swiper-pagination slider-pagination\"><\/div>\r\n\t\t\t\t\t\t\t\t\t\r\n\t\t\t<\/div>\r\n\t\t<\/section>\r\n\r\n\t\t\t\t<\/div>\n\t\t\t\t<\/div>\n\t\t\t\t\t<\/div>\n\t\t<\/div>\n\t\t\t\t\t\t\t<\/div>\n\t\t<\/section>\n\t\t\t\t<section class=\"elementor-section elementor-top-section elementor-element elementor-element-45d94346 auto-section odd elementor-section-boxed elementor-section-height-default elementor-section-height-default\" data-id=\"45d94346\" data-element_type=\"section\" data-settings=\"{&quot;background_background&quot;:&quot;classic&quot;}\">\n\t\t\t\t\t\t<div class=\"elementor-container elementor-column-gap-no\">\n\t\t\t\t\t<div class=\"elementor-column elementor-col-100 elementor-top-column elementor-element elementor-element-46c4f4b8\" data-id=\"46c4f4b8\" data-element_type=\"column\">\n\t\t\t<div class=\"elementor-widget-wrap elementor-element-populated\">\n\t\t\t\t\t\t\t\t<section class=\"elementor-section elementor-inner-section elementor-element elementor-element-28cb45a3 elementor-section-boxed elementor-section-height-default elementor-section-height-default\" data-id=\"28cb45a3\" data-element_type=\"section\">\n\t\t\t\t\t\t<div class=\"elementor-container elementor-column-gap-no\">\n\t\t\t\t\t<div class=\"elementor-column elementor-col-100 elementor-inner-column elementor-element elementor-element-6d1fd9e\" data-id=\"6d1fd9e\" data-element_type=\"column\">\n\t\t\t<div class=\"elementor-widget-wrap elementor-element-populated\">\n\t\t\t\t\t\t\t\t<div class=\"elementor-element elementor-element-6b33482e elementor-widget elementor-widget-leverage-paragraph\" data-id=\"6b33482e\" data-element_type=\"widget\" data-widget_type=\"leverage-paragraph.default\">\n\t\t\t\t<div class=\"elementor-widget-container\">\n\t\t\t\r\n    <div class=\"text-left\">\r\n      <p class=\"paragraph\">\r\n        G\u00fcn\u00fcm\u00fcz\u00fcn bu zeki ve tart\u0131\u015fmas\u0131z en pop\u00fcler oyunu, casinomuzda en iyi ve en ilgin\u00e7 \u00e7e\u015fitlerle temsil edilmektedir:\n<br><br>\n- Oasis poker<br>\n- Rus pokeri<br>\n- Rus pokeri art\u0131<br>\n- Split poker<br>\n<br>\nCasinomuzda a\u015fa\u011f\u0131daki Texas poker \u00e7e\u015fitleri aras\u0131ndan se\u00e7im yapabilirsiniz:<br>\n<br>\n\n- Omaha poker<br>\n- Texas poker<br>\n- Ultimates Texas poker<br>\n- De\u011fi\u015f toku\u015flu Texas poker<br><br>\n\u0418\u0433\u0440\u0430\u0439\u0442\u0435 \u0432 \u043f\u043e\u043a\u0435\u0440 \u043f\u043e \u0441\u0442\u0430\u0432\u043a\u0435 \u043e\u0442 15 \u0443.\u0435. (\u0432 VIP \u0437\u0430\u043b\u0430\u0445 \u0438\u043d\u0434\u0438\u0432\u0438\u0434\u0443\u0430\u043b\u044c\u043d\u044b\u0435 \u0441\u0442\u0430\u0432\u043a\u0438)      <\/p>\r\n    <\/div>\r\n\r\n  \t\t<\/div>\n\t\t\t\t<\/div>\n\t\t\t\t\t<\/div>\n\t\t<\/div>\n\t\t\t\t\t\t\t<\/div>\n\t\t<\/section>\n\t\t\t\t\t<\/div>\n\t\t<\/div>\n\t\t\t\t\t\t\t<\/div>\n\t\t<\/section>\n\t\t\t\t\t\t\t<\/div>","protected":false},"excerpt":{"rendered":"<p>Poker Minsk'in tam merkezindeki kumarhanede s\u0131n\u0131rs\u0131z oynay\u0131n! Bu ak\u0131ll\u0131ca ve belki de g\u00fcn\u00fcm\u00fcz\u00fcn en pop\u00fcler oyunu...<\/p>","protected":false},"author":1,"featured_media":0,"parent":0,"menu_order":0,"comment_status":"closed","ping_status":"closed","template":"templates\/full-width.php","meta":{"footnotes":""},"class_list":["post-2628","page","type-page","status-publish","hentry"],"acf":[],"yoast_head":"<!-- This site is optimized with the Yoast SEO plugin v19.8 - https:\/\/yoast.com\/wordpress\/plugins\/seo\/ -->\n<title>\u041f\u043e\u043a\u0435\u0440 - Carat Casino<\/title>\n<meta name=\"robots\" content=\"index, follow, max-snippet:-1, max-image-preview:large, max-video-preview:-1\" \/>\n<link rel=\"canonical\" href=\"https:\/\/caratcasino.by\/tr\/texas-poker\/\" \/>\n<meta property=\"og:locale\" content=\"tr_TR\" \/>\n<meta property=\"og:type\" content=\"article\" \/>\n<meta property=\"og:title\" content=\"\u041f\u043e\u043a\u0435\u0440 - Carat Casino\" \/>\n<meta property=\"og:description\" content=\"\u041f\u043e\u043a\u0435\u0440 \u0412 \u043a\u0430\u0437\u0438\u043d\u043e \u0432 \u0441\u0430\u043c\u043e\u043c \u0446\u0435\u043d\u0442\u0440\u0435 \u041c\u0438\u043d\u0441\u043a\u0430 \u0438\u0433\u0440\u0430\u0439\u0442\u0435 \u0431\u0435\u0437 \u043e\u0433\u0440\u0430\u043d\u0438\u0447\u0435\u043d\u0438\u0439! \u042d\u0442\u0430 \u0443\u043c\u043d\u0430\u044f \u0438, \u043f\u043e\u0436\u0430\u043b\u0443\u0439, \u0441\u0430\u043c\u0430\u044f \u0432\u043e\u0441\u0442\u0440\u0435\u0431\u043e\u0432\u0430\u043d\u043d\u0430\u044f \u043d\u0430 \u0441\u0435\u0433\u043e\u0434\u043d\u044f \u0438\u0433\u0440\u0430 \u043f\u0440\u0435\u0434\u0441\u0442\u0430\u0432\u043b\u0435\u043d\u0430...\" \/>\n<meta property=\"og:url\" content=\"https:\/\/caratcasino.by\/tr\/texas-poker\/\" \/>\n<meta property=\"og:site_name\" content=\"Carat Casino\" \/>\n<meta property=\"article:modified_time\" content=\"2025-09-24T11:11:54+00:00\" \/>\n<meta property=\"og:image\" content=\"https:\/\/caratcasino.by\/wp-content\/uploads\/2022\/10\/poker.jpg\" \/>\n<meta name=\"twitter:card\" content=\"summary_large_image\" \/>\n<meta name=\"twitter:label1\" content=\"Tahmini okuma s\u00fcresi\" \/>\n\t<meta name=\"twitter:data1\" content=\"1 dakika\" \/>\n<script type=\"application\/ld+json\" class=\"yoast-schema-graph\">{\"@context\":\"https:\/\/schema.org\",\"@graph\":[{\"@type\":\"WebPage\",\"@id\":\"https:\/\/caratcasino.by\/texas-poker\/\",\"url\":\"https:\/\/caratcasino.by\/texas-poker\/\",\"name\":\"\u041f\u043e\u043a\u0435\u0440 - Carat Casino\",\"isPartOf\":{\"@id\":\"https:\/\/caratcasino.by\/#website\"},\"datePublished\":\"2022-10-13T20:11:00+00:00\",\"dateModified\":\"2025-09-24T11:11:54+00:00\",\"breadcrumb\":{\"@id\":\"https:\/\/caratcasino.by\/texas-poker\/#breadcrumb\"},\"inLanguage\":\"tr\",\"potentialAction\":[{\"@type\":\"ReadAction\",\"target\":[\"https:\/\/caratcasino.by\/texas-poker\/\"]}]},{\"@type\":\"BreadcrumbList\",\"@id\":\"https:\/\/caratcasino.by\/texas-poker\/#breadcrumb\",\"itemListElement\":[{\"@type\":\"ListItem\",\"position\":1,\"name\":\"\u0413\u043b\u0430\u0432\u043d\u0430\u044f \u0441\u0442\u0440\u0430\u043d\u0438\u0446\u0430\",\"item\":\"https:\/\/caratcasino.by\/\"},{\"@type\":\"ListItem\",\"position\":2,\"name\":\"\u041f\u043e\u043a\u0435\u0440\"}]},{\"@type\":\"WebSite\",\"@id\":\"https:\/\/caratcasino.by\/#website\",\"url\":\"https:\/\/caratcasino.by\/\",\"name\":\"Carat Casino\",\"description\":\"\u043a\u0430\u0437\u0438\u043d\u043e \u0432 \u0446\u0435\u043d\u0442\u0440\u0435 \u041c\u0438\u043d\u0441\u043a\u0430\",\"publisher\":{\"@id\":\"https:\/\/caratcasino.by\/#organization\"},\"potentialAction\":[{\"@type\":\"SearchAction\",\"target\":{\"@type\":\"EntryPoint\",\"urlTemplate\":\"https:\/\/caratcasino.by\/?s={search_term_string}\"},\"query-input\":\"required name=search_term_string\"}],\"inLanguage\":\"tr\"},{\"@type\":\"Organization\",\"@id\":\"https:\/\/caratcasino.by\/#organization\",\"name\":\"Carat Casino\",\"url\":\"https:\/\/caratcasino.by\/\",\"sameAs\":[],\"logo\":{\"@type\":\"ImageObject\",\"inLanguage\":\"tr\",\"@id\":\"https:\/\/caratcasino.by\/#\/schema\/logo\/image\/\",\"url\":\"https:\/\/caratcasino.by\/wp-content\/uploads\/2022\/09\/cropped-cropped-cropped-logo-4.png\",\"contentUrl\":\"https:\/\/caratcasino.by\/wp-content\/uploads\/2022\/09\/cropped-cropped-cropped-logo-4.png\",\"width\":511,\"height\":150,\"caption\":\"Carat Casino\"},\"image\":{\"@id\":\"https:\/\/caratcasino.by\/#\/schema\/logo\/image\/\"}}]}<\/script>\n<!-- \/ Yoast SEO plugin. -->","yoast_head_json":{"title":"\u041f\u043e\u043a\u0435\u0440 - Carat Casino","robots":{"index":"index","follow":"follow","max-snippet":"max-snippet:-1","max-image-preview":"max-image-preview:large","max-video-preview":"max-video-preview:-1"},"canonical":"https:\/\/caratcasino.by\/tr\/texas-poker\/","og_locale":"tr_TR","og_type":"article","og_title":"\u041f\u043e\u043a\u0435\u0440 - Carat Casino","og_description":"\u041f\u043e\u043a\u0435\u0440 \u0412 \u043a\u0430\u0437\u0438\u043d\u043e \u0432 \u0441\u0430\u043c\u043e\u043c \u0446\u0435\u043d\u0442\u0440\u0435 \u041c\u0438\u043d\u0441\u043a\u0430 \u0438\u0433\u0440\u0430\u0439\u0442\u0435 \u0431\u0435\u0437 \u043e\u0433\u0440\u0430\u043d\u0438\u0447\u0435\u043d\u0438\u0439! \u042d\u0442\u0430 \u0443\u043c\u043d\u0430\u044f \u0438, \u043f\u043e\u0436\u0430\u043b\u0443\u0439, \u0441\u0430\u043c\u0430\u044f \u0432\u043e\u0441\u0442\u0440\u0435\u0431\u043e\u0432\u0430\u043d\u043d\u0430\u044f \u043d\u0430 \u0441\u0435\u0433\u043e\u0434\u043d\u044f \u0438\u0433\u0440\u0430 \u043f\u0440\u0435\u0434\u0441\u0442\u0430\u0432\u043b\u0435\u043d\u0430...","og_url":"https:\/\/caratcasino.by\/tr\/texas-poker\/","og_site_name":"Carat Casino","article_modified_time":"2025-09-24T11:11:54+00:00","og_image":[{"url":"https:\/\/caratcasino.by\/wp-content\/uploads\/2022\/10\/poker.jpg"}],"twitter_card":"summary_large_image","twitter_misc":{"Tahmini okuma s\u00fcresi":"1 dakika"},"schema":{"@context":"https:\/\/schema.org","@graph":[{"@type":"WebPage","@id":"https:\/\/caratcasino.by\/texas-poker\/","url":"https:\/\/caratcasino.by\/texas-poker\/","name":"\u041f\u043e\u043a\u0435\u0440 - Carat Casino","isPartOf":{"@id":"https:\/\/caratcasino.by\/#website"},"datePublished":"2022-10-13T20:11:00+00:00","dateModified":"2025-09-24T11:11:54+00:00","breadcrumb":{"@id":"https:\/\/caratcasino.by\/texas-poker\/#breadcrumb"},"inLanguage":"tr","potentialAction":[{"@type":"ReadAction","target":["https:\/\/caratcasino.by\/texas-poker\/"]}]},{"@type":"BreadcrumbList","@id":"https:\/\/caratcasino.by\/texas-poker\/#breadcrumb","itemListElement":[{"@type":"ListItem","position":1,"name":"\u0413\u043b\u0430\u0432\u043d\u0430\u044f \u0441\u0442\u0440\u0430\u043d\u0438\u0446\u0430","item":"https:\/\/caratcasino.by\/"},{"@type":"ListItem","position":2,"name":"\u041f\u043e\u043a\u0435\u0440"}]},{"@type":"WebSite","@id":"https:\/\/caratcasino.by\/#website","url":"https:\/\/caratcasino.by\/","name":"Carat Casino","description":"\u043a\u0430\u0437\u0438\u043d\u043e \u0432 \u0446\u0435\u043d\u0442\u0440\u0435 \u041c\u0438\u043d\u0441\u043a\u0430","publisher":{"@id":"https:\/\/caratcasino.by\/#organization"},"potentialAction":[{"@type":"SearchAction","target":{"@type":"EntryPoint","urlTemplate":"https:\/\/caratcasino.by\/?s={search_term_string}"},"query-input":"required name=search_term_string"}],"inLanguage":"tr"},{"@type":"Organization","@id":"https:\/\/caratcasino.by\/#organization","name":"Carat Casino","url":"https:\/\/caratcasino.by\/","sameAs":[],"logo":{"@type":"ImageObject","inLanguage":"tr","@id":"https:\/\/caratcasino.by\/#\/schema\/logo\/image\/","url":"https:\/\/caratcasino.by\/wp-content\/uploads\/2022\/09\/cropped-cropped-cropped-logo-4.png","contentUrl":"https:\/\/caratcasino.by\/wp-content\/uploads\/2022\/09\/cropped-cropped-cropped-logo-4.png","width":511,"height":150,"caption":"Carat Casino"},"image":{"@id":"https:\/\/caratcasino.by\/#\/schema\/logo\/image\/"}}]}},"_links":{"self":[{"href":"https:\/\/caratcasino.by\/tr\/wp-json\/wp\/v2\/pages\/2628","targetHints":{"allow":["GET"]}}],"collection":[{"href":"https:\/\/caratcasino.by\/tr\/wp-json\/wp\/v2\/pages"}],"about":[{"href":"https:\/\/caratcasino.by\/tr\/wp-json\/wp\/v2\/types\/page"}],"author":[{"embeddable":true,"href":"https:\/\/caratcasino.by\/tr\/wp-json\/wp\/v2\/users\/1"}],"replies":[{"embeddable":true,"href":"https:\/\/caratcasino.by\/tr\/wp-json\/wp\/v2\/comments?post=2628"}],"version-history":[{"count":22,"href":"https:\/\/caratcasino.by\/tr\/wp-json\/wp\/v2\/pages\/2628\/revisions"}],"predecessor-version":[{"id":5576,"href":"https:\/\/caratcasino.by\/tr\/wp-json\/wp\/v2\/pages\/2628\/revisions\/5576"}],"wp:attachment":[{"href":"https:\/\/caratcasino.by\/tr\/wp-json\/wp\/v2\/media?parent=2628"}],"curies":[{"name":"wp","href":"https:\/\/api.w.org\/{rel}","templated":true}]}}