{"id":2252,"date":"2022-10-11T09:28:06","date_gmt":"2022-10-11T09:28:06","guid":{"rendered":"https:\/\/new.caratcasino.by\/?page_id=2252"},"modified":"2025-09-24T11:12:35","modified_gmt":"2025-09-24T11:12:35","slug":"puntobanco","status":"publish","type":"page","link":"https:\/\/caratcasino.by\/tr\/puntobanco\/","title":{"rendered":"Punto Banco"},"content":{"rendered":"<div data-elementor-type=\"wp-page\" data-elementor-id=\"2252\" class=\"elementor elementor-2252\">\n\t\t\t\t\t\t\t\t\t<section class=\"elementor-section elementor-top-section elementor-element elementor-element-417c6e98 elementor-section-full_width odd featured elementor-section-height-default elementor-section-height-default\" data-id=\"417c6e98\" data-element_type=\"section\" data-settings=\"{&quot;background_background&quot;:&quot;classic&quot;}\">\n\t\t\t\t\t\t\t<div class=\"elementor-background-overlay\"><\/div>\n\t\t\t\t\t\t\t<div class=\"elementor-container elementor-column-gap-no\">\n\t\t\t\t\t<div class=\"elementor-column elementor-col-100 elementor-top-column elementor-element elementor-element-542e59ba\" data-id=\"542e59ba\" data-element_type=\"column\">\n\t\t\t<div class=\"elementor-widget-wrap elementor-element-populated\">\n\t\t\t\t\t\t\t\t<div class=\"elementor-element elementor-element-bc7fbbb elementor-widget elementor-widget-leverage-slider\" data-id=\"bc7fbbb\" data-element_type=\"widget\" data-widget_type=\"leverage-slider.default\">\n\t\t\t\t<div class=\"elementor-widget-container\">\n\t\t\t\r\n\t\t<section class=\"hero p-0\">\r\n\t\t\t<div class=\"swiper-container slider-container no-slider animation slider-h-auto slider-h-75\" data-speed=\"10000\">\r\n\t\t\t\t<div class=\"swiper-wrapper\">\r\n\r\n\t\t\t\t\t\r\n\t\t\t\t\t\t<div class=\"swiper-slide slide-center slider-item\">\r\n\r\n\t\t\t\t\t\t\t\t\t\t\t\t\t\t\t<div id=\"particles-1\" class=\"particles full-image\" data-particle=\"space\"><\/div>\r\n\t\t\t\t\t\t\t\r\n\t\t\t\t\t\t\t\t\t\t\t\t\t\t\t<img decoding=\"async\" data-aos=\"zoom-out-up\" data-aos-delay=\"400\" src=\"https:\/\/new.caratcasino.by\/wp-content\/uploads\/2022\/10\/IMG-96.jpg\" class=\"slider-image full-image\" alt=\"Punto Banco\">\r\n\t\t\t\t\t\t\t\r\n\t\t\t\t\t\t\t<div class=\"slide-content row\">\r\n\t\t\t\t\t\t\t\t<div class=\"col-12 d-flex justify-content-end inner\">\r\n\t\t\t\t\t\t\t\t\t<div class=\"slider-outline  left text-center text-md-left\" style=\"width: 85%\">\r\n\r\n\t\t\t\t\t\t\t\t\t\t\t\t\t\t\t\t\t\t\t\t\t<h2 class=\"title effect-static-text title effect-static-text\" data-aos=\"zoom-out-up\" data-aos-delay=\"400\">\r\n\t\t\t\t\t\t\t\t\t\t\t\tPunto Banco\t\t\t\t\t\t\t\t\t\t\t<\/h2>\r\n\t\t\t\t\t\t\t\t\t\t\r\n\t\t\t\t\t\t\t\t\t\t\r\n\t\t\t\t\t\t\t\t\t\t\t\t\t\t\t\t\t\t\t\t\t<p class=\"description description\" data-aos=\"zoom-out-up\" data-aos-delay=\"800\">\r\n\t\t\t\t\t\t\t\t\t\t\t\tMinsk'in kalbindeki bir kumarhanede s\u0131n\u0131rs\u0131z oynay\u0131n!\t\t\t\t\t\t\t\t\t\t\t<\/p>\r\n\t\t\t\t\t\t\t\t\t\t\r\n\t\t\t\t\t\t\t\t\t\t<div class=\"buttons buttons\" data-aos=\"zoom-out-up\" data-aos-delay=\"1200\">\r\n\r\n\t\t\t\t\t\t\t\t\t\t\t\r\n\t\t\t\t\t\t\t\t\t\t\t<div class=\"d-sm-inline-flex justify-content-start\">\r\n\r\n\t\t\t\t\t\t\t\t\t\t\t\t\r\n\t\t\t\t\t\t\t\t\t\t\t\t\t\t\t\t\t\t\t\t\t\t\t\t\r\n\t\t\t\t\t\t\t\t\t\t\t\t\r\n\t\t\t\t\t\t\t\t\t\t\t\t\r\n\t\t\t\t\t\t\t\t\t\t\t<\/div>\r\n\t\t\t\t\t\t\t\t\t\t<\/div>\r\n\r\n\t\t\t\t\t\t\t\t\t<\/div>\r\n\t\t\t\t\t\t\t\t<\/div>\r\n\t\t\t\t\t\t\t<\/div>\r\n\t\t\t\t\t\t<\/div>\r\n\t\t\t\t\t\r\n\t\t\t\t\t\r\n\t\t\t\t<\/div>\r\n\t\t\t\t\t\t\t\t\t<div class=\"swiper-pagination slider-pagination\"><\/div>\r\n\t\t\t\t\t\t\t\t\t\r\n\t\t\t<\/div>\r\n\t\t<\/section>\r\n\r\n\t\t\t\t<\/div>\n\t\t\t\t<\/div>\n\t\t\t\t\t<\/div>\n\t\t<\/div>\n\t\t\t\t\t\t\t<\/div>\n\t\t<\/section>\n\t\t\t\t<section class=\"elementor-section elementor-top-section elementor-element elementor-element-75eaacf1 auto-section odd elementor-section-boxed elementor-section-height-default elementor-section-height-default\" data-id=\"75eaacf1\" data-element_type=\"section\" data-settings=\"{&quot;background_background&quot;:&quot;classic&quot;}\">\n\t\t\t\t\t\t<div class=\"elementor-container elementor-column-gap-no\">\n\t\t\t\t\t<div class=\"elementor-column elementor-col-100 elementor-top-column elementor-element elementor-element-7bfc67ea\" data-id=\"7bfc67ea\" data-element_type=\"column\">\n\t\t\t<div class=\"elementor-widget-wrap elementor-element-populated\">\n\t\t\t\t\t\t\t\t<section class=\"elementor-section elementor-inner-section elementor-element elementor-element-1631b494 elementor-section-boxed elementor-section-height-default elementor-section-height-default\" data-id=\"1631b494\" data-element_type=\"section\">\n\t\t\t\t\t\t<div class=\"elementor-container elementor-column-gap-no\">\n\t\t\t\t\t<div class=\"elementor-column elementor-col-100 elementor-inner-column elementor-element elementor-element-7b44d1a2\" data-id=\"7b44d1a2\" data-element_type=\"column\">\n\t\t\t<div class=\"elementor-widget-wrap elementor-element-populated\">\n\t\t\t\t\t\t\t\t<div class=\"elementor-element elementor-element-6e38a4fc elementor-widget elementor-widget-leverage-heading\" data-id=\"6e38a4fc\" data-element_type=\"widget\" data-widget_type=\"leverage-heading.default\">\n\t\t\t\t<div class=\"elementor-widget-container\">\n\t\t\t\r\n    <div class=\"text-\">\r\n      <h2 class=\"heading\">\r\n        PuntoBanco oyun kurallar\u0131      <\/h2>\r\n    <\/div>\r\n\r\n  \t\t<\/div>\n\t\t\t\t<\/div>\n\t\t\t\t<div class=\"elementor-element elementor-element-702b8739 elementor-widget elementor-widget-leverage-paragraph\" data-id=\"702b8739\" data-element_type=\"widget\" data-widget_type=\"leverage-paragraph.default\">\n\t\t\t\t<div class=\"elementor-widget-container\">\n\t\t\t\r\n    <div class=\"text-left\">\r\n      <p class=\"paragraph\">\r\n        Punto Banco'nun kurallar\u0131 Baccarat'\u0131n bir\u00e7ok \u00e7e\u015fidine \u00e7ok benzer. Oyun, elli iki karttan olu\u015fan alt\u0131 deste kullan\u0131larak bir kart oyunu masas\u0131nda oynan\u0131r. Oyunda bir ila sekiz oyuncu yer al\u0131r. Punto Banco'nun kurallar\u0131na g\u00f6re, kartlar sadece krupiye taraf\u0131ndan da\u011f\u0131t\u0131l\u0131r ve krupiye de casino i\u00e7in oynar.\n<br><br>\nBu, Avrupa bakara \u00e7e\u015fitlerinden biridir, ancak oyunun amac\u0131 ayn\u0131 kal\u0131r, kimin kart kombinasyonunun toplamda daha y\u00fcksek olaca\u011f\u0131n\u0131 tahmin etmek veya bir beraberlik \u00fczerine bahis oynayabilirsiniz. Punto banco'daki t\u00fcm kartlar\u0131n ve kombinasyonlar\u0131n sayg\u0131nl\u0131\u011f\u0131, bakaran\u0131n genel kurallar\u0131yla \u00f6rt\u00fc\u015fmektedir.\n<br><br>\n- As - 1;<br>\n- Papaz, K\u0131z, Vale - 0 (veya 10);<br>\n- Kartlar\u0131n geri kalan\u0131, her kart\u0131n \u00f6n y\u00fcz\u00fcnde g\u00f6sterilen mezhebe g\u00f6redir;<br>\n- Kartlar\u0131n rengi \u00f6nemli de\u011fil.\n<br><br>\nOyuncular elin bir Banco, bir Punto veya bir Egalite taraf\u0131ndan kazan\u0131l\u0131p kazan\u0131lmayaca\u011f\u0131 \u00fczerine bahis oynayabilirler. Bahislerin boyutu, masa i\u00e7in belirlenen minimum ve maksimum bahislere g\u00f6re belirlenir.\n\n<br><br>\n\u041e\u0431\u0449\u0438\u0439 \u0434\u0438\u0430\u043f\u0430\u0437\u043e\u043d \u0441\u0442\u0430\u0432\u043e\u043a \u043f\u0440\u0438 \u0438\u0433\u0440\u0435 \u0432 \u041f\u0443\u043d\u0442\u043e \u0411\u0430\u043d\u043a\u043e \u0441\u043e\u0441\u0442\u0430\u0432\u043b\u044f\u0435\u0442 \u043e\u0442 15 \u0443.\u0435.\n<br><br>\n(VIP salonlar\u0131nda bireysel fiyatlar)      <\/p>\r\n    <\/div>\r\n\r\n  \t\t<\/div>\n\t\t\t\t<\/div>\n\t\t\t\t\t<\/div>\n\t\t<\/div>\n\t\t\t\t\t\t\t<\/div>\n\t\t<\/section>\n\t\t\t\t\t<\/div>\n\t\t<\/div>\n\t\t\t\t\t\t\t<\/div>\n\t\t<\/section>\n\t\t\t\t\t\t\t<\/div>","protected":false},"excerpt":{"rendered":"<p>\u041f\u0443\u043d\u0442\u043e\u0411\u0430\u043d\u043a\u043e \u0412 \u043a\u0430\u0437\u0438\u043d\u043e \u0432 \u0441\u0430\u043c\u043e\u043c \u0446\u0435\u043d\u0442\u0440\u0435 \u041c\u0438\u043d\u0441\u043a\u0430 \u0438\u0433\u0440\u0430\u0439\u0442\u0435 \u0431\u0435\u0437 \u043e\u0433\u0440\u0430\u043d\u0438\u0447\u0435\u043d\u0438\u0439! \u041f\u0440\u0430\u0432\u0438\u043b\u0430 \u0438\u0433\u0440\u044b \u0432 \u041f\u0443\u043d\u0442\u043e\u0411\u0430\u043d\u043a\u043e \u041f\u0440\u0430\u0432\u0438\u043b\u0430 \u0438\u0433\u0440\u044b \u0432 \u041f\u0443\u043d\u0442\u043e \u0411\u0430\u043d\u043a\u043e (Punto&#8230;<\/p>","protected":false},"author":1,"featured_media":0,"parent":0,"menu_order":0,"comment_status":"closed","ping_status":"closed","template":"templates\/full-width.php","meta":{"footnotes":""},"class_list":["post-2252","page","type-page","status-publish","hentry"],"acf":[],"yoast_head":"<!-- This site is optimized with the Yoast SEO plugin v19.8 - https:\/\/yoast.com\/wordpress\/plugins\/seo\/ -->\n<title>\u041f\u0443\u043d\u0442\u043e\u0411\u0430\u043d\u043a\u043e - Carat Casino<\/title>\n<meta name=\"robots\" content=\"index, follow, max-snippet:-1, max-image-preview:large, max-video-preview:-1\" \/>\n<link rel=\"canonical\" href=\"https:\/\/caratcasino.by\/tr\/puntobanco\/\" \/>\n<meta property=\"og:locale\" content=\"tr_TR\" \/>\n<meta property=\"og:type\" content=\"article\" \/>\n<meta property=\"og:title\" content=\"\u041f\u0443\u043d\u0442\u043e\u0411\u0430\u043d\u043a\u043e - Carat Casino\" \/>\n<meta property=\"og:description\" content=\"\u041f\u0443\u043d\u0442\u043e\u0411\u0430\u043d\u043a\u043e \u0412 \u043a\u0430\u0437\u0438\u043d\u043e \u0432 \u0441\u0430\u043c\u043e\u043c \u0446\u0435\u043d\u0442\u0440\u0435 \u041c\u0438\u043d\u0441\u043a\u0430 \u0438\u0433\u0440\u0430\u0439\u0442\u0435 \u0431\u0435\u0437 \u043e\u0433\u0440\u0430\u043d\u0438\u0447\u0435\u043d\u0438\u0439! \u041f\u0440\u0430\u0432\u0438\u043b\u0430 \u0438\u0433\u0440\u044b \u0432 \u041f\u0443\u043d\u0442\u043e\u0411\u0430\u043d\u043a\u043e \u041f\u0440\u0430\u0432\u0438\u043b\u0430 \u0438\u0433\u0440\u044b \u0432 \u041f\u0443\u043d\u0442\u043e \u0411\u0430\u043d\u043a\u043e (Punto...\" \/>\n<meta property=\"og:url\" content=\"https:\/\/caratcasino.by\/tr\/puntobanco\/\" \/>\n<meta property=\"og:site_name\" content=\"Carat Casino\" \/>\n<meta property=\"article:modified_time\" content=\"2025-09-24T11:12:35+00:00\" \/>\n<meta property=\"og:image\" content=\"https:\/\/new.caratcasino.by\/wp-content\/uploads\/2022\/10\/IMG-96.jpg\" \/>\n<meta name=\"twitter:card\" content=\"summary_large_image\" \/>\n<meta name=\"twitter:label1\" content=\"Tahmini okuma s\u00fcresi\" \/>\n\t<meta name=\"twitter:data1\" content=\"2 dakika\" \/>\n<script type=\"application\/ld+json\" class=\"yoast-schema-graph\">{\"@context\":\"https:\/\/schema.org\",\"@graph\":[{\"@type\":\"WebPage\",\"@id\":\"https:\/\/caratcasino.by\/puntobanco\/\",\"url\":\"https:\/\/caratcasino.by\/puntobanco\/\",\"name\":\"\u041f\u0443\u043d\u0442\u043e\u0411\u0430\u043d\u043a\u043e - Carat Casino\",\"isPartOf\":{\"@id\":\"https:\/\/caratcasino.by\/#website\"},\"datePublished\":\"2022-10-11T09:28:06+00:00\",\"dateModified\":\"2025-09-24T11:12:35+00:00\",\"breadcrumb\":{\"@id\":\"https:\/\/caratcasino.by\/puntobanco\/#breadcrumb\"},\"inLanguage\":\"tr\",\"potentialAction\":[{\"@type\":\"ReadAction\",\"target\":[\"https:\/\/caratcasino.by\/puntobanco\/\"]}]},{\"@type\":\"BreadcrumbList\",\"@id\":\"https:\/\/caratcasino.by\/puntobanco\/#breadcrumb\",\"itemListElement\":[{\"@type\":\"ListItem\",\"position\":1,\"name\":\"\u0413\u043b\u0430\u0432\u043d\u0430\u044f \u0441\u0442\u0440\u0430\u043d\u0438\u0446\u0430\",\"item\":\"https:\/\/caratcasino.by\/\"},{\"@type\":\"ListItem\",\"position\":2,\"name\":\"\u041f\u0443\u043d\u0442\u043e\u0411\u0430\u043d\u043a\u043e\"}]},{\"@type\":\"WebSite\",\"@id\":\"https:\/\/caratcasino.by\/#website\",\"url\":\"https:\/\/caratcasino.by\/\",\"name\":\"Carat Casino\",\"description\":\"\u043a\u0430\u0437\u0438\u043d\u043e \u0432 \u0446\u0435\u043d\u0442\u0440\u0435 \u041c\u0438\u043d\u0441\u043a\u0430\",\"publisher\":{\"@id\":\"https:\/\/caratcasino.by\/#organization\"},\"potentialAction\":[{\"@type\":\"SearchAction\",\"target\":{\"@type\":\"EntryPoint\",\"urlTemplate\":\"https:\/\/caratcasino.by\/?s={search_term_string}\"},\"query-input\":\"required name=search_term_string\"}],\"inLanguage\":\"tr\"},{\"@type\":\"Organization\",\"@id\":\"https:\/\/caratcasino.by\/#organization\",\"name\":\"Carat Casino\",\"url\":\"https:\/\/caratcasino.by\/\",\"sameAs\":[],\"logo\":{\"@type\":\"ImageObject\",\"inLanguage\":\"tr\",\"@id\":\"https:\/\/caratcasino.by\/#\/schema\/logo\/image\/\",\"url\":\"https:\/\/caratcasino.by\/wp-content\/uploads\/2022\/09\/cropped-cropped-cropped-logo-4.png\",\"contentUrl\":\"https:\/\/caratcasino.by\/wp-content\/uploads\/2022\/09\/cropped-cropped-cropped-logo-4.png\",\"width\":511,\"height\":150,\"caption\":\"Carat Casino\"},\"image\":{\"@id\":\"https:\/\/caratcasino.by\/#\/schema\/logo\/image\/\"}}]}<\/script>\n<!-- \/ Yoast SEO plugin. -->","yoast_head_json":{"title":"\u041f\u0443\u043d\u0442\u043e\u0411\u0430\u043d\u043a\u043e - Carat Casino","robots":{"index":"index","follow":"follow","max-snippet":"max-snippet:-1","max-image-preview":"max-image-preview:large","max-video-preview":"max-video-preview:-1"},"canonical":"https:\/\/caratcasino.by\/tr\/puntobanco\/","og_locale":"tr_TR","og_type":"article","og_title":"\u041f\u0443\u043d\u0442\u043e\u0411\u0430\u043d\u043a\u043e - Carat Casino","og_description":"\u041f\u0443\u043d\u0442\u043e\u0411\u0430\u043d\u043a\u043e \u0412 \u043a\u0430\u0437\u0438\u043d\u043e \u0432 \u0441\u0430\u043c\u043e\u043c \u0446\u0435\u043d\u0442\u0440\u0435 \u041c\u0438\u043d\u0441\u043a\u0430 \u0438\u0433\u0440\u0430\u0439\u0442\u0435 \u0431\u0435\u0437 \u043e\u0433\u0440\u0430\u043d\u0438\u0447\u0435\u043d\u0438\u0439! \u041f\u0440\u0430\u0432\u0438\u043b\u0430 \u0438\u0433\u0440\u044b \u0432 \u041f\u0443\u043d\u0442\u043e\u0411\u0430\u043d\u043a\u043e \u041f\u0440\u0430\u0432\u0438\u043b\u0430 \u0438\u0433\u0440\u044b \u0432 \u041f\u0443\u043d\u0442\u043e \u0411\u0430\u043d\u043a\u043e (Punto...","og_url":"https:\/\/caratcasino.by\/tr\/puntobanco\/","og_site_name":"Carat Casino","article_modified_time":"2025-09-24T11:12:35+00:00","og_image":[{"url":"https:\/\/new.caratcasino.by\/wp-content\/uploads\/2022\/10\/IMG-96.jpg"}],"twitter_card":"summary_large_image","twitter_misc":{"Tahmini okuma s\u00fcresi":"2 dakika"},"schema":{"@context":"https:\/\/schema.org","@graph":[{"@type":"WebPage","@id":"https:\/\/caratcasino.by\/puntobanco\/","url":"https:\/\/caratcasino.by\/puntobanco\/","name":"\u041f\u0443\u043d\u0442\u043e\u0411\u0430\u043d\u043a\u043e - Carat Casino","isPartOf":{"@id":"https:\/\/caratcasino.by\/#website"},"datePublished":"2022-10-11T09:28:06+00:00","dateModified":"2025-09-24T11:12:35+00:00","breadcrumb":{"@id":"https:\/\/caratcasino.by\/puntobanco\/#breadcrumb"},"inLanguage":"tr","potentialAction":[{"@type":"ReadAction","target":["https:\/\/caratcasino.by\/puntobanco\/"]}]},{"@type":"BreadcrumbList","@id":"https:\/\/caratcasino.by\/puntobanco\/#breadcrumb","itemListElement":[{"@type":"ListItem","position":1,"name":"\u0413\u043b\u0430\u0432\u043d\u0430\u044f \u0441\u0442\u0440\u0430\u043d\u0438\u0446\u0430","item":"https:\/\/caratcasino.by\/"},{"@type":"ListItem","position":2,"name":"\u041f\u0443\u043d\u0442\u043e\u0411\u0430\u043d\u043a\u043e"}]},{"@type":"WebSite","@id":"https:\/\/caratcasino.by\/#website","url":"https:\/\/caratcasino.by\/","name":"Carat Casino","description":"\u043a\u0430\u0437\u0438\u043d\u043e \u0432 \u0446\u0435\u043d\u0442\u0440\u0435 \u041c\u0438\u043d\u0441\u043a\u0430","publisher":{"@id":"https:\/\/caratcasino.by\/#organization"},"potentialAction":[{"@type":"SearchAction","target":{"@type":"EntryPoint","urlTemplate":"https:\/\/caratcasino.by\/?s={search_term_string}"},"query-input":"required name=search_term_string"}],"inLanguage":"tr"},{"@type":"Organization","@id":"https:\/\/caratcasino.by\/#organization","name":"Carat Casino","url":"https:\/\/caratcasino.by\/","sameAs":[],"logo":{"@type":"ImageObject","inLanguage":"tr","@id":"https:\/\/caratcasino.by\/#\/schema\/logo\/image\/","url":"https:\/\/caratcasino.by\/wp-content\/uploads\/2022\/09\/cropped-cropped-cropped-logo-4.png","contentUrl":"https:\/\/caratcasino.by\/wp-content\/uploads\/2022\/09\/cropped-cropped-cropped-logo-4.png","width":511,"height":150,"caption":"Carat Casino"},"image":{"@id":"https:\/\/caratcasino.by\/#\/schema\/logo\/image\/"}}]}},"_links":{"self":[{"href":"https:\/\/caratcasino.by\/tr\/wp-json\/wp\/v2\/pages\/2252","targetHints":{"allow":["GET"]}}],"collection":[{"href":"https:\/\/caratcasino.by\/tr\/wp-json\/wp\/v2\/pages"}],"about":[{"href":"https:\/\/caratcasino.by\/tr\/wp-json\/wp\/v2\/types\/page"}],"author":[{"embeddable":true,"href":"https:\/\/caratcasino.by\/tr\/wp-json\/wp\/v2\/users\/1"}],"replies":[{"embeddable":true,"href":"https:\/\/caratcasino.by\/tr\/wp-json\/wp\/v2\/comments?post=2252"}],"version-history":[{"count":11,"href":"https:\/\/caratcasino.by\/tr\/wp-json\/wp\/v2\/pages\/2252\/revisions"}],"predecessor-version":[{"id":5579,"href":"https:\/\/caratcasino.by\/tr\/wp-json\/wp\/v2\/pages\/2252\/revisions\/5579"}],"wp:attachment":[{"href":"https:\/\/caratcasino.by\/tr\/wp-json\/wp\/v2\/media?parent=2252"}],"curies":[{"name":"wp","href":"https:\/\/api.w.org\/{rel}","templated":true}]}}