{"id":1129,"date":"2021-05-07T16:22:47","date_gmt":"2021-05-07T16:22:47","guid":{"rendered":"https:\/\/leverage.codings.dev\/?page_id=1129"},"modified":"2023-04-12T07:41:38","modified_gmt":"2023-04-12T07:41:38","slug":"contact","status":"publish","type":"page","link":"https:\/\/caratcasino.by\/tr\/iletisim\/","title":{"rendered":"\u0130leti\u015fim"},"content":{"rendered":"<div data-elementor-type=\"wp-page\" data-elementor-id=\"1129\" class=\"elementor elementor-1129\">\n\t\t\t\t\t\t\t\t\t<section class=\"elementor-section elementor-top-section elementor-element elementor-element-ffb8379 elementor-section-full_width odd elementor-section-height-default elementor-section-height-default\" data-id=\"ffb8379\" data-element_type=\"section\" data-settings=\"{&quot;background_background&quot;:&quot;classic&quot;}\">\n\t\t\t\t\t\t<div class=\"elementor-container elementor-column-gap-no\">\n\t\t\t\t\t<div class=\"elementor-column elementor-col-100 elementor-top-column elementor-element elementor-element-c7b818b\" data-id=\"c7b818b\" data-element_type=\"column\">\n\t\t\t<div class=\"elementor-widget-wrap elementor-element-populated\">\n\t\t\t\t\t\t\t\t<div class=\"elementor-element elementor-element-c8ff47e elementor-widget elementor-widget-leverage-slider\" data-id=\"c8ff47e\" data-element_type=\"widget\" data-widget_type=\"leverage-slider.default\">\n\t\t\t\t<div class=\"elementor-widget-container\">\n\t\t\t\r\n\t\t<section class=\"hero p-0\">\r\n\t\t\t<div class=\"swiper-container slider-container no-slider animation slider-h-auto slider-h-50\" data-speed=\"10000\">\r\n\t\t\t\t<div class=\"swiper-wrapper\">\r\n\r\n\t\t\t\t\t\r\n\t\t\t\t\t\t<div class=\"swiper-slide slide-center slider-item\">\r\n\r\n\t\t\t\t\t\t\t\r\n\t\t\t\t\t\t\t\t\t\t\t\t\t\t\t<img decoding=\"async\" data-aos=\"zoom-out-up\" data-aos-delay=\"400\" src=\"https:\/\/new.caratcasino.by\/wp-content\/uploads\/2022\/09\/IMG-23-1-1.jpg\" class=\"slider-image full-image\" alt=\"\u0130leti\u015fim\">\r\n\t\t\t\t\t\t\t\r\n\t\t\t\t\t\t\t<div class=\"slide-content row\">\r\n\t\t\t\t\t\t\t\t<div class=\"col-12 d-flex justify-content-center inner\">\r\n\t\t\t\t\t\t\t\t\t<div class=\"slider-outline  center text-center text-md-center\" style=\"width: 80%\">\r\n\r\n\t\t\t\t\t\t\t\t\t\t\t\t\t\t\t\t\t\t\t\t\t<h1 class=\"title effect-static-text title effect-static-text\" data-aos=\"zoom-out-up\" data-aos-delay=\"400\">\r\n\t\t\t\t\t\t\t\t\t\t\t\t\u0130leti\u015fim\t\t\t\t\t\t\t\t\t\t\t<\/h1>\r\n\t\t\t\t\t\t\t\t\t\t\r\n\t\t\t\t\t\t\t\t\t\t\r\n\t\t\t\t\t\t\t\t\t\t\r\n\t\t\t\t\t\t\t\t\t\t<div class=\"buttons buttons\" data-aos=\"zoom-out-up\" data-aos-delay=\"1200\">\r\n\r\n\t\t\t\t\t\t\t\t\t\t\t\r\n\t\t\t\t\t\t\t\t\t\t\t<div class=\"d-sm-inline-flex justify-content-center\">\r\n\r\n\t\t\t\t\t\t\t\t\t\t\t\t\r\n\t\t\t\t\t\t\t\t\t\t\t\t\t\t\t\t\t\t\t\t\t\t\t\t\r\n\t\t\t\t\t\t\t\t\t\t\t\t\r\n\t\t\t\t\t\t\t\t\t\t\t\t\r\n\t\t\t\t\t\t\t\t\t\t\t<\/div>\r\n\t\t\t\t\t\t\t\t\t\t<\/div>\r\n\r\n\t\t\t\t\t\t\t\t\t<\/div>\r\n\t\t\t\t\t\t\t\t<\/div>\r\n\t\t\t\t\t\t\t<\/div>\r\n\t\t\t\t\t\t<\/div>\r\n\t\t\t\t\t\r\n\t\t\t\t\t\r\n\t\t\t\t<\/div>\r\n\t\t\t\t\t\t\t\t\t<div class=\"swiper-pagination slider-pagination\"><\/div>\r\n\t\t\t\t\t\t\t\t\t\r\n\t\t\t<\/div>\r\n\t\t<\/section>\r\n\r\n\t\t\t\t<\/div>\n\t\t\t\t<\/div>\n\t\t\t\t\t<\/div>\n\t\t<\/div>\n\t\t\t\t\t\t\t<\/div>\n\t\t<\/section>\n\t\t\t\t<section class=\"elementor-section elementor-top-section elementor-element elementor-element-17ff8d1 auto-section elementor-section-boxed elementor-section-height-default elementor-section-height-default\" data-id=\"17ff8d1\" data-element_type=\"section\" data-settings=\"{&quot;background_background&quot;:&quot;classic&quot;}\">\n\t\t\t\t\t\t<div class=\"elementor-container elementor-column-gap-no\">\n\t\t\t\t\t<div class=\"elementor-column elementor-col-100 elementor-top-column elementor-element elementor-element-2b89deb\" data-id=\"2b89deb\" data-element_type=\"column\">\n\t\t\t<div class=\"elementor-widget-wrap elementor-element-populated\">\n\t\t\t\t\t\t\t\t<section class=\"elementor-section elementor-inner-section elementor-element elementor-element-761f4ad elementor-section-boxed elementor-section-height-default elementor-section-height-default\" data-id=\"761f4ad\" data-element_type=\"section\">\n\t\t\t\t\t\t<div class=\"elementor-container elementor-column-gap-no\">\n\t\t\t\t\t<div class=\"elementor-column elementor-col-66 elementor-inner-column elementor-element elementor-element-a68c59f col-2-left\" data-id=\"a68c59f\" data-element_type=\"column\">\n\t\t\t<div class=\"elementor-widget-wrap elementor-element-populated\">\n\t\t\t\t\t\t\t\t<div class=\"elementor-element elementor-element-add042f elementor-widget elementor-widget-leverage-heading\" data-id=\"add042f\" data-element_type=\"widget\" data-widget_type=\"leverage-heading.default\">\n\t\t\t\t<div class=\"elementor-widget-container\">\n\t\t\t\r\n    <div class=\"text-left\">\r\n      <h2 class=\"heading featured\">\r\n        Bize ula\u015f\u0131n      <\/h2>\r\n    <\/div>\r\n\r\n  \t\t<\/div>\n\t\t\t\t<\/div>\n\t\t\t\t<div class=\"elementor-element elementor-element-2446ae5 elementor-widget elementor-widget-leverage-paragraph\" data-id=\"2446ae5\" data-element_type=\"widget\" data-widget_type=\"leverage-paragraph.default\">\n\t\t\t\t<div class=\"elementor-widget-container\">\n\t\t\t\r\n    <div class=\"text-left\">\r\n      <p class=\"paragraph\">\r\n        KAZINO KARAT 1 Jakub Kolas Caddesi adresinde      <\/p>\r\n    <\/div>\r\n\r\n  \t\t<\/div>\n\t\t\t\t<\/div>\n\t\t\t\t<div class=\"elementor-element elementor-element-b053534 elementor-widget elementor-widget-spacer\" data-id=\"b053534\" data-element_type=\"widget\" data-widget_type=\"spacer.default\">\n\t\t\t\t<div class=\"elementor-widget-container\">\n\t\t\t<style>\/*! elementor - v3.7.7 - 20-09-2022 *\/\n.elementor-column .elementor-spacer-inner{height:var(--spacer-size)}.e-container{--container-widget-width:100%}.e-container>.elementor-widget-spacer{width:var(--container-widget-width,var(--spacer-size));-ms-flex-item-align:stretch;align-self:stretch;-ms-flex-negative:0;flex-shrink:0}.e-container>.elementor-widget-spacer>.elementor-widget-container,.e-container>.elementor-widget-spacer>.elementor-widget-container>.elementor-spacer{height:100%}.e-container>.elementor-widget-spacer>.elementor-widget-container>.elementor-spacer>.elementor-spacer-inner{height:var(--container-widget-height,var(--spacer-size))}<\/style>\t\t<div class=\"elementor-spacer\">\n\t\t\t<div class=\"elementor-spacer-inner\"><\/div>\n\t\t<\/div>\n\t\t\t\t<\/div>\n\t\t\t\t<\/div>\n\t\t\t\t<div class=\"elementor-element elementor-element-aecd94a elementor-widget elementor-widget-leverage-paragraph\" data-id=\"aecd94a\" data-element_type=\"widget\" data-widget_type=\"leverage-paragraph.default\">\n\t\t\t\t<div class=\"elementor-widget-container\">\n\t\t\t\r\n    <div class=\"text-left\">\r\n      <p class=\"paragraph\">\r\n        T\u00fcm sorular\u0131n\u0131z\u0131 yan\u0131tlamaktan mutluluk duyar\u0131z      <\/p>\r\n    <\/div>\r\n\r\n  \t\t<\/div>\n\t\t\t\t<\/div>\n\t\t\t\t\t<\/div>\n\t\t<\/div>\n\t\t\t\t<div class=\"elementor-column elementor-col-33 elementor-inner-column elementor-element elementor-element-34b32d7\" data-id=\"34b32d7\" data-element_type=\"column\">\n\t\t\t<div class=\"elementor-widget-wrap\">\n\t\t\t\t\t\t\t\t\t<\/div>\n\t\t<\/div>\n\t\t\t\t\t\t\t<\/div>\n\t\t<\/section>\n\t\t\t\t<section class=\"elementor-section elementor-inner-section elementor-element elementor-element-af89bcc elementor-section-full_width elementor-section-height-default elementor-section-height-default\" data-id=\"af89bcc\" data-element_type=\"section\">\n\t\t\t\t\t\t<div class=\"elementor-container elementor-column-gap-extended\">\n\t\t\t\t\t<div class=\"elementor-column elementor-col-33 elementor-inner-column elementor-element elementor-element-0da0d6b\" data-id=\"0da0d6b\" data-element_type=\"column\">\n\t\t\t<div class=\"elementor-widget-wrap elementor-element-populated\">\n\t\t\t\t\t\t\t\t<div class=\"elementor-element elementor-element-e3494e8 elementor-widget elementor-widget-leverage-card\" data-id=\"e3494e8\" data-element_type=\"widget\" data-widget_type=\"leverage-card.default\">\n\t\t\t\t<div class=\"elementor-widget-container\">\n\t\t\t\r\n    <div class=\"offers card-action-icon\">\r\n      <div class=\"items\">\r\n        <div class=\"item\">\r\n          <div class=\"card featured to-top-left\">\r\n          \r\n            <div class=\"icon-wrapper mx-auto\">\r\n              <i class=\"icon card-icon gradient-icon icon-phone\"><\/i>            <\/div>\r\n\r\n            <div class=\"heading-wrapper text-center\">\r\n              <h3 class=\"heading\">\r\n                +375 44 756-47-57              <\/h3>\r\n            <\/div> \r\n\r\n            <div class=\"paragraph-wrapper text-center\">\r\n              <p class=\"paragraph\">\r\n                Viber, WhatsApp, Telegram \u00fczerinden aray\u0131n veya mesaj at\u0131n              <\/p>\r\n            <\/div>\r\n\r\n            \r\n            \r\n          <\/div>\r\n        <\/div>\r\n      <\/div>\r\n    <\/div>\r\n          \r\n\t\t\t<\/div>\n\t\t\t\t<\/div>\n\t\t\t\t\t<\/div>\n\t\t<\/div>\n\t\t\t\t<div class=\"elementor-column elementor-col-33 elementor-inner-column elementor-element elementor-element-38239c3\" data-id=\"38239c3\" data-element_type=\"column\">\n\t\t\t<div class=\"elementor-widget-wrap elementor-element-populated\">\n\t\t\t\t\t\t\t\t<div class=\"elementor-element elementor-element-c8b495d elementor-widget elementor-widget-leverage-card\" data-id=\"c8b495d\" data-element_type=\"widget\" data-widget_type=\"leverage-card.default\">\n\t\t\t\t<div class=\"elementor-widget-container\">\n\t\t\t\r\n    <div class=\"offers card-action-icon\">\r\n      <div class=\"items\">\r\n        <div class=\"item\">\r\n          <div class=\"card featured to-top-left\">\r\n          \r\n            <div class=\"icon-wrapper mx-auto\">\r\n              <i class=\"icon card-icon gradient-icon icon-phone\"><\/i>            <\/div>\r\n\r\n            <div class=\"heading-wrapper text-center\">\r\n              <h3 class=\"heading\">\r\n                +375 29 661-33-67              <\/h3>\r\n            <\/div> \r\n\r\n            <div class=\"paragraph-wrapper text-center\">\r\n              <p class=\"paragraph\">\r\n                T\u00fcrkiye'den Misafir \u0130li\u015fkileri M\u00fcd\u00fcr\u00fc, Victoria               <\/p>\r\n            <\/div>\r\n\r\n            \r\n            \r\n          <\/div>\r\n        <\/div>\r\n      <\/div>\r\n    <\/div>\r\n          \r\n\t\t\t<\/div>\n\t\t\t\t<\/div>\n\t\t\t\t\t<\/div>\n\t\t<\/div>\n\t\t\t\t<div class=\"elementor-column elementor-col-33 elementor-inner-column elementor-element elementor-element-389523a\" data-id=\"389523a\" data-element_type=\"column\">\n\t\t\t<div class=\"elementor-widget-wrap elementor-element-populated\">\n\t\t\t\t\t\t\t\t<div class=\"elementor-element elementor-element-dce3ae0 elementor-widget elementor-widget-leverage-card\" data-id=\"dce3ae0\" data-element_type=\"widget\" data-widget_type=\"leverage-card.default\">\n\t\t\t\t<div class=\"elementor-widget-container\">\n\t\t\t\r\n    <div class=\"offers card-action-icon\">\r\n      <div class=\"items\">\r\n        <div class=\"item\">\r\n          <div class=\"card\">\r\n          \r\n            <div class=\"icon-wrapper mx-auto\">\r\n              <i class=\"icon card-icon gradient-icon icon-envelope\"><\/i>            <\/div>\r\n\r\n            <div class=\"heading-wrapper text-center\">\r\n              <h3 class=\"heading\">\r\n                caratcasino1@gmail.com              <\/h3>\r\n            <\/div> \r\n\r\n            <div class=\"paragraph-wrapper text-center\">\r\n              <p class=\"paragraph\">\r\n                Soru ve \u00f6nerileri 8 saat i\u00e7inde yan\u0131tlay\u0131n              <\/p>\r\n            <\/div>\r\n\r\n            \r\n            \r\n          <\/div>\r\n        <\/div>\r\n      <\/div>\r\n    <\/div>\r\n          \r\n\t\t\t<\/div>\n\t\t\t\t<\/div>\n\t\t\t\t\t<\/div>\n\t\t<\/div>\n\t\t\t\t\t\t\t<\/div>\n\t\t<\/section>\n\t\t\t\t\t<\/div>\n\t\t<\/div>\n\t\t\t\t\t\t\t<\/div>\n\t\t<\/section>\n\t\t\t\t<section class=\"elementor-section elementor-top-section elementor-element elementor-element-6fea2bd elementor-section-full_width elementor-section-height-default elementor-section-height-default\" data-id=\"6fea2bd\" data-element_type=\"section\">\n\t\t\t\t\t\t<div class=\"elementor-container elementor-column-gap-no\">\n\t\t\t\t\t<div class=\"elementor-column elementor-col-100 elementor-top-column elementor-element elementor-element-917da70\" data-id=\"917da70\" data-element_type=\"column\">\n\t\t\t<div class=\"elementor-widget-wrap elementor-element-populated\">\n\t\t\t\t\t\t\t\t<div class=\"elementor-element elementor-element-b6f4ee9 elementor-widget elementor-widget-google_maps\" data-id=\"b6f4ee9\" data-element_type=\"widget\" data-widget_type=\"google_maps.default\">\n\t\t\t\t<div class=\"elementor-widget-container\">\n\t\t\t<style>\/*! elementor - v3.7.7 - 20-09-2022 *\/\n.elementor-widget-google_maps .elementor-widget-container{overflow:hidden}.elementor-widget-google_maps iframe{height:300px}<\/style>\t\t<div class=\"elementor-custom-embed\">\n\t\t\t<iframe frameborder=\"0\" scrolling=\"no\" marginheight=\"0\" marginwidth=\"0\"\n\t\t\t\t\tsrc=\"https:\/\/maps.google.com\/maps?q=Carat%20Casino&#038;t=m&#038;z=16&#038;output=embed&#038;iwloc=near\"\n\t\t\t\t\ttitle=\"Carat Casino\"\n\t\t\t\t\taria-label=\"Carat Casino\"\n\t\t\t><\/iframe>\n\t\t<\/div>\n\t\t\t\t<\/div>\n\t\t\t\t<\/div>\n\t\t\t\t\t<\/div>\n\t\t<\/div>\n\t\t\t\t\t\t\t<\/div>\n\t\t<\/section>\n\t\t\t\t\t\t\t<\/div>","protected":false},"excerpt":{"rendered":"<p>\u0130leti\u015fim Bize Ula\u015f\u0131n 1 Yakub Kola\u015f Caddesi, Yakub Kola\u015f adresindeki KARAT CASINO ile ileti\u015fime ge\u00e7in. T\u00fcm sorular\u0131n\u0131z\u0131 yan\u0131tlamaktan mutluluk duyaca\u011f\u0131z +375....<\/p>","protected":false},"author":1,"featured_media":0,"parent":0,"menu_order":0,"comment_status":"closed","ping_status":"closed","template":"templates\/full-width.php","meta":{"footnotes":""},"class_list":["post-1129","page","type-page","status-publish","hentry"],"acf":[],"yoast_head":"<!-- This site is optimized with the Yoast SEO plugin v19.8 - https:\/\/yoast.com\/wordpress\/plugins\/seo\/ -->\n<title>\u041a\u043e\u043d\u0442\u0430\u043a\u0442\u044b - Carat Casino<\/title>\n<meta name=\"robots\" content=\"index, follow, max-snippet:-1, max-image-preview:large, max-video-preview:-1\" \/>\n<link rel=\"canonical\" href=\"https:\/\/caratcasino.by\/tr\/iletisim\/\" \/>\n<meta property=\"og:locale\" content=\"tr_TR\" \/>\n<meta property=\"og:type\" content=\"article\" \/>\n<meta property=\"og:title\" content=\"\u041a\u043e\u043d\u0442\u0430\u043a\u0442\u044b - Carat Casino\" \/>\n<meta property=\"og:description\" content=\"\u041a\u043e\u043d\u0442\u0430\u043a\u0442\u044b \u0421\u0432\u044f\u0436\u0438\u0442\u0435\u0441\u044c \u0441 \u043d\u0430\u043c\u0438 \u041a\u0410\u0417\u0418\u041d\u041e \u041a\u0410\u0420\u0410\u0422 \u043f\u043e \u0430\u0434\u0440\u0435\u0441\u0443 \u042f\u043a\u0443\u0431\u0430 \u041a\u043e\u043b\u0430\u0441\u0430, \u0434. 1 \u0421 \u0443\u0434\u043e\u0432\u043e\u043b\u044c\u0441\u0442\u0432\u0438\u0435\u043c \u043e\u0442\u0432\u0435\u0442\u0438\u043c \u043d\u0430 \u0432\u0441\u0435 \u0432\u0430\u0448\u0438 \u0432\u043e\u043f\u0440\u043e\u0441\u044b +375...\" \/>\n<meta property=\"og:url\" content=\"https:\/\/caratcasino.by\/tr\/iletisim\/\" \/>\n<meta property=\"og:site_name\" content=\"Carat Casino\" \/>\n<meta property=\"article:modified_time\" content=\"2023-04-12T07:41:38+00:00\" \/>\n<meta property=\"og:image\" content=\"https:\/\/new.caratcasino.by\/wp-content\/uploads\/2022\/09\/IMG-23-1-1.jpg\" \/>\n<meta name=\"twitter:card\" content=\"summary_large_image\" \/>\n<meta name=\"twitter:label1\" content=\"Tahmini okuma s\u00fcresi\" \/>\n\t<meta name=\"twitter:data1\" content=\"1 dakika\" \/>\n<script type=\"application\/ld+json\" class=\"yoast-schema-graph\">{\"@context\":\"https:\/\/schema.org\",\"@graph\":[{\"@type\":\"WebPage\",\"@id\":\"https:\/\/caratcasino.by\/contact\/\",\"url\":\"https:\/\/caratcasino.by\/contact\/\",\"name\":\"\u041a\u043e\u043d\u0442\u0430\u043a\u0442\u044b - Carat Casino\",\"isPartOf\":{\"@id\":\"https:\/\/caratcasino.by\/#website\"},\"datePublished\":\"2021-05-07T16:22:47+00:00\",\"dateModified\":\"2023-04-12T07:41:38+00:00\",\"breadcrumb\":{\"@id\":\"https:\/\/caratcasino.by\/contact\/#breadcrumb\"},\"inLanguage\":\"tr\",\"potentialAction\":[{\"@type\":\"ReadAction\",\"target\":[\"https:\/\/caratcasino.by\/contact\/\"]}]},{\"@type\":\"BreadcrumbList\",\"@id\":\"https:\/\/caratcasino.by\/contact\/#breadcrumb\",\"itemListElement\":[{\"@type\":\"ListItem\",\"position\":1,\"name\":\"\u0413\u043b\u0430\u0432\u043d\u0430\u044f \u0441\u0442\u0440\u0430\u043d\u0438\u0446\u0430\",\"item\":\"https:\/\/caratcasino.by\/\"},{\"@type\":\"ListItem\",\"position\":2,\"name\":\"\u041a\u043e\u043d\u0442\u0430\u043a\u0442\u044b\"}]},{\"@type\":\"WebSite\",\"@id\":\"https:\/\/caratcasino.by\/#website\",\"url\":\"https:\/\/caratcasino.by\/\",\"name\":\"Carat Casino\",\"description\":\"\u043a\u0430\u0437\u0438\u043d\u043e \u0432 \u0446\u0435\u043d\u0442\u0440\u0435 \u041c\u0438\u043d\u0441\u043a\u0430\",\"publisher\":{\"@id\":\"https:\/\/caratcasino.by\/#organization\"},\"potentialAction\":[{\"@type\":\"SearchAction\",\"target\":{\"@type\":\"EntryPoint\",\"urlTemplate\":\"https:\/\/caratcasino.by\/?s={search_term_string}\"},\"query-input\":\"required name=search_term_string\"}],\"inLanguage\":\"tr\"},{\"@type\":\"Organization\",\"@id\":\"https:\/\/caratcasino.by\/#organization\",\"name\":\"Carat Casino\",\"url\":\"https:\/\/caratcasino.by\/\",\"sameAs\":[],\"logo\":{\"@type\":\"ImageObject\",\"inLanguage\":\"tr\",\"@id\":\"https:\/\/caratcasino.by\/#\/schema\/logo\/image\/\",\"url\":\"https:\/\/caratcasino.by\/wp-content\/uploads\/2022\/09\/cropped-cropped-cropped-logo-4.png\",\"contentUrl\":\"https:\/\/caratcasino.by\/wp-content\/uploads\/2022\/09\/cropped-cropped-cropped-logo-4.png\",\"width\":511,\"height\":150,\"caption\":\"Carat Casino\"},\"image\":{\"@id\":\"https:\/\/caratcasino.by\/#\/schema\/logo\/image\/\"}}]}<\/script>\n<!-- \/ Yoast SEO plugin. -->","yoast_head_json":{"title":"\u041a\u043e\u043d\u0442\u0430\u043a\u0442\u044b - Carat Casino","robots":{"index":"index","follow":"follow","max-snippet":"max-snippet:-1","max-image-preview":"max-image-preview:large","max-video-preview":"max-video-preview:-1"},"canonical":"https:\/\/caratcasino.by\/tr\/iletisim\/","og_locale":"tr_TR","og_type":"article","og_title":"\u041a\u043e\u043d\u0442\u0430\u043a\u0442\u044b - Carat Casino","og_description":"\u041a\u043e\u043d\u0442\u0430\u043a\u0442\u044b \u0421\u0432\u044f\u0436\u0438\u0442\u0435\u0441\u044c \u0441 \u043d\u0430\u043c\u0438 \u041a\u0410\u0417\u0418\u041d\u041e \u041a\u0410\u0420\u0410\u0422 \u043f\u043e \u0430\u0434\u0440\u0435\u0441\u0443 \u042f\u043a\u0443\u0431\u0430 \u041a\u043e\u043b\u0430\u0441\u0430, \u0434. 1 \u0421 \u0443\u0434\u043e\u0432\u043e\u043b\u044c\u0441\u0442\u0432\u0438\u0435\u043c \u043e\u0442\u0432\u0435\u0442\u0438\u043c \u043d\u0430 \u0432\u0441\u0435 \u0432\u0430\u0448\u0438 \u0432\u043e\u043f\u0440\u043e\u0441\u044b +375...","og_url":"https:\/\/caratcasino.by\/tr\/iletisim\/","og_site_name":"Carat Casino","article_modified_time":"2023-04-12T07:41:38+00:00","og_image":[{"url":"https:\/\/new.caratcasino.by\/wp-content\/uploads\/2022\/09\/IMG-23-1-1.jpg"}],"twitter_card":"summary_large_image","twitter_misc":{"Tahmini okuma s\u00fcresi":"1 dakika"},"schema":{"@context":"https:\/\/schema.org","@graph":[{"@type":"WebPage","@id":"https:\/\/caratcasino.by\/contact\/","url":"https:\/\/caratcasino.by\/contact\/","name":"\u041a\u043e\u043d\u0442\u0430\u043a\u0442\u044b - Carat Casino","isPartOf":{"@id":"https:\/\/caratcasino.by\/#website"},"datePublished":"2021-05-07T16:22:47+00:00","dateModified":"2023-04-12T07:41:38+00:00","breadcrumb":{"@id":"https:\/\/caratcasino.by\/contact\/#breadcrumb"},"inLanguage":"tr","potentialAction":[{"@type":"ReadAction","target":["https:\/\/caratcasino.by\/contact\/"]}]},{"@type":"BreadcrumbList","@id":"https:\/\/caratcasino.by\/contact\/#breadcrumb","itemListElement":[{"@type":"ListItem","position":1,"name":"\u0413\u043b\u0430\u0432\u043d\u0430\u044f \u0441\u0442\u0440\u0430\u043d\u0438\u0446\u0430","item":"https:\/\/caratcasino.by\/"},{"@type":"ListItem","position":2,"name":"\u041a\u043e\u043d\u0442\u0430\u043a\u0442\u044b"}]},{"@type":"WebSite","@id":"https:\/\/caratcasino.by\/#website","url":"https:\/\/caratcasino.by\/","name":"Carat Casino","description":"\u043a\u0430\u0437\u0438\u043d\u043e \u0432 \u0446\u0435\u043d\u0442\u0440\u0435 \u041c\u0438\u043d\u0441\u043a\u0430","publisher":{"@id":"https:\/\/caratcasino.by\/#organization"},"potentialAction":[{"@type":"SearchAction","target":{"@type":"EntryPoint","urlTemplate":"https:\/\/caratcasino.by\/?s={search_term_string}"},"query-input":"required name=search_term_string"}],"inLanguage":"tr"},{"@type":"Organization","@id":"https:\/\/caratcasino.by\/#organization","name":"Carat Casino","url":"https:\/\/caratcasino.by\/","sameAs":[],"logo":{"@type":"ImageObject","inLanguage":"tr","@id":"https:\/\/caratcasino.by\/#\/schema\/logo\/image\/","url":"https:\/\/caratcasino.by\/wp-content\/uploads\/2022\/09\/cropped-cropped-cropped-logo-4.png","contentUrl":"https:\/\/caratcasino.by\/wp-content\/uploads\/2022\/09\/cropped-cropped-cropped-logo-4.png","width":511,"height":150,"caption":"Carat Casino"},"image":{"@id":"https:\/\/caratcasino.by\/#\/schema\/logo\/image\/"}}]}},"_links":{"self":[{"href":"https:\/\/caratcasino.by\/tr\/wp-json\/wp\/v2\/pages\/1129","targetHints":{"allow":["GET"]}}],"collection":[{"href":"https:\/\/caratcasino.by\/tr\/wp-json\/wp\/v2\/pages"}],"about":[{"href":"https:\/\/caratcasino.by\/tr\/wp-json\/wp\/v2\/types\/page"}],"author":[{"embeddable":true,"href":"https:\/\/caratcasino.by\/tr\/wp-json\/wp\/v2\/users\/1"}],"replies":[{"embeddable":true,"href":"https:\/\/caratcasino.by\/tr\/wp-json\/wp\/v2\/comments?post=1129"}],"version-history":[{"count":30,"href":"https:\/\/caratcasino.by\/tr\/wp-json\/wp\/v2\/pages\/1129\/revisions"}],"predecessor-version":[{"id":3344,"href":"https:\/\/caratcasino.by\/tr\/wp-json\/wp\/v2\/pages\/1129\/revisions\/3344"}],"wp:attachment":[{"href":"https:\/\/caratcasino.by\/tr\/wp-json\/wp\/v2\/media?parent=1129"}],"curies":[{"name":"wp","href":"https:\/\/api.w.org\/{rel}","templated":true}]}}