{"id":1055,"date":"2021-05-07T01:01:57","date_gmt":"2021-05-07T01:01:57","guid":{"rendered":"https:\/\/leverage.codings.dev\/?page_id=1055"},"modified":"2022-10-18T12:47:07","modified_gmt":"2022-10-18T12:47:07","slug":"amerikanskaja-ruletka","status":"publish","type":"page","link":"https:\/\/caratcasino.by\/tr\/amerikanskaja-ruletka\/","title":{"rendered":"Amerikan Ruleti"},"content":{"rendered":"<div data-elementor-type=\"wp-page\" data-elementor-id=\"1055\" class=\"elementor elementor-1055\">\n\t\t\t\t\t\t\t\t\t<section class=\"elementor-section elementor-top-section elementor-element elementor-element-d415d90 elementor-section-full_width odd featured elementor-section-height-default elementor-section-height-default\" data-id=\"d415d90\" data-element_type=\"section\" data-settings=\"{&quot;background_background&quot;:&quot;classic&quot;}\">\n\t\t\t\t\t\t\t<div class=\"elementor-background-overlay\"><\/div>\n\t\t\t\t\t\t\t<div class=\"elementor-container elementor-column-gap-no\">\n\t\t\t\t\t<div class=\"elementor-column elementor-col-100 elementor-top-column elementor-element elementor-element-0ffac64\" data-id=\"0ffac64\" data-element_type=\"column\">\n\t\t\t<div class=\"elementor-widget-wrap elementor-element-populated\">\n\t\t\t\t\t\t\t\t<div class=\"elementor-element elementor-element-dad2f80 elementor-widget elementor-widget-leverage-slider\" data-id=\"dad2f80\" data-element_type=\"widget\" data-widget_type=\"leverage-slider.default\">\n\t\t\t\t<div class=\"elementor-widget-container\">\n\t\t\t\r\n\t\t<section class=\"hero p-0\">\r\n\t\t\t<div class=\"swiper-container slider-container no-slider animation slider-h-auto slider-h-75\" data-speed=\"10000\">\r\n\t\t\t\t<div class=\"swiper-wrapper\">\r\n\r\n\t\t\t\t\t\r\n\t\t\t\t\t\t<div class=\"swiper-slide slide-center slider-item\">\r\n\r\n\t\t\t\t\t\t\t\t\t\t\t\t\t\t\t<div id=\"particles-1\" class=\"particles full-image\" data-particle=\"space\"><\/div>\r\n\t\t\t\t\t\t\t\r\n\t\t\t\t\t\t\t\t\t\t\t\t\t\t\t<img decoding=\"async\" data-aos=\"zoom-out-up\" data-aos-delay=\"400\" src=\"https:\/\/caratcasino.by\/wp-content\/uploads\/2022\/10\/DSC_4128.jpg\" class=\"slider-image full-image\" alt=\"Amerikan Ruleti\">\r\n\t\t\t\t\t\t\t\r\n\t\t\t\t\t\t\t<div class=\"slide-content row\">\r\n\t\t\t\t\t\t\t\t<div class=\"col-12 d-flex justify-content-end inner\">\r\n\t\t\t\t\t\t\t\t\t<div class=\"slider-outline  left text-center text-md-left\" style=\"width: 85%\">\r\n\r\n\t\t\t\t\t\t\t\t\t\t\t\t\t\t\t\t\t\t\t\t\t<h2 class=\"title effect-static-text title effect-static-text\" data-aos=\"zoom-out-up\" data-aos-delay=\"400\">\r\n\t\t\t\t\t\t\t\t\t\t\t\tAmerikan Ruleti\t\t\t\t\t\t\t\t\t\t\t<\/h2>\r\n\t\t\t\t\t\t\t\t\t\t\r\n\t\t\t\t\t\t\t\t\t\t\r\n\t\t\t\t\t\t\t\t\t\t\t\t\t\t\t\t\t\t\t\t\t<p class=\"description description\" data-aos=\"zoom-out-up\" data-aos-delay=\"800\">\r\n\t\t\t\t\t\t\t\t\t\t\t\tMinsk'in kalbindeki bir kumarhanede s\u0131n\u0131rs\u0131z oynay\u0131n!\t\t\t\t\t\t\t\t\t\t\t<\/p>\r\n\t\t\t\t\t\t\t\t\t\t\r\n\t\t\t\t\t\t\t\t\t\t<div class=\"buttons buttons\" data-aos=\"zoom-out-up\" data-aos-delay=\"1200\">\r\n\r\n\t\t\t\t\t\t\t\t\t\t\t\r\n\t\t\t\t\t\t\t\t\t\t\t<div class=\"d-sm-inline-flex justify-content-start\">\r\n\r\n\t\t\t\t\t\t\t\t\t\t\t\t\r\n\t\t\t\t\t\t\t\t\t\t\t\t\t\t\t\t\t\t\t\t\t\t\t\t\r\n\t\t\t\t\t\t\t\t\t\t\t\t\r\n\t\t\t\t\t\t\t\t\t\t\t\t\r\n\t\t\t\t\t\t\t\t\t\t\t<\/div>\r\n\t\t\t\t\t\t\t\t\t\t<\/div>\r\n\r\n\t\t\t\t\t\t\t\t\t<\/div>\r\n\t\t\t\t\t\t\t\t<\/div>\r\n\t\t\t\t\t\t\t<\/div>\r\n\t\t\t\t\t\t<\/div>\r\n\t\t\t\t\t\r\n\t\t\t\t\t\r\n\t\t\t\t<\/div>\r\n\t\t\t\t\t\t\t\t\t<div class=\"swiper-pagination slider-pagination\"><\/div>\r\n\t\t\t\t\t\t\t\t\t\r\n\t\t\t<\/div>\r\n\t\t<\/section>\r\n\r\n\t\t\t\t<\/div>\n\t\t\t\t<\/div>\n\t\t\t\t\t<\/div>\n\t\t<\/div>\n\t\t\t\t\t\t\t<\/div>\n\t\t<\/section>\n\t\t\t\t<section class=\"elementor-section elementor-top-section elementor-element elementor-element-e06c93f auto-section odd elementor-section-boxed elementor-section-height-default elementor-section-height-default\" data-id=\"e06c93f\" data-element_type=\"section\" data-settings=\"{&quot;background_background&quot;:&quot;classic&quot;}\">\n\t\t\t\t\t\t<div class=\"elementor-container elementor-column-gap-no\">\n\t\t\t\t\t<div class=\"elementor-column elementor-col-100 elementor-top-column elementor-element elementor-element-575d6ce\" data-id=\"575d6ce\" data-element_type=\"column\">\n\t\t\t<div class=\"elementor-widget-wrap elementor-element-populated\">\n\t\t\t\t\t\t\t\t<section class=\"elementor-section elementor-inner-section elementor-element elementor-element-2fac253 elementor-section-boxed elementor-section-height-default elementor-section-height-default\" data-id=\"2fac253\" data-element_type=\"section\">\n\t\t\t\t\t\t<div class=\"elementor-container elementor-column-gap-no\">\n\t\t\t\t\t<div class=\"elementor-column elementor-col-100 elementor-inner-column elementor-element elementor-element-30dc7a9\" data-id=\"30dc7a9\" data-element_type=\"column\">\n\t\t\t<div class=\"elementor-widget-wrap elementor-element-populated\">\n\t\t\t\t\t\t\t\t<div class=\"elementor-element elementor-element-b83361a elementor-widget elementor-widget-leverage-paragraph\" data-id=\"b83361a\" data-element_type=\"widget\" data-widget_type=\"leverage-paragraph.default\">\n\t\t\t\t<div class=\"elementor-widget-container\">\n\t\t\t\r\n    <div class=\"text-left\">\r\n      <p class=\"paragraph\">\r\n        Klasik Amerikan Ruleti muhtemelen d\u00fcnya \u00e7ap\u0131nda en pop\u00fcler ve kumar oyunudur.\n\nKarat Casino'da oda ba\u015f\u0131na 1 ila 200 sent aras\u0131nda de\u011fi\u015fen bahislerle heyecan verici bir oyun sunan 6 masa bulunmaktad\u0131r. Personelimiz oyunun t\u00fcm ayr\u0131nt\u0131lar\u0131n\u0131, kurallar\u0131n\u0131 ve bahis se\u00e7eneklerini do\u011frudan oyun masas\u0131nda a\u00e7\u0131klamaktan mutluluk duyacakt\u0131r. Yaln\u0131z oynamak isterseniz, daha y\u00fcksek bahislerde 3 odada \u00f6zel oyun sunmaya haz\u0131r\u0131z.      <\/p>\r\n    <\/div>\r\n\r\n  \t\t<\/div>\n\t\t\t\t<\/div>\n\t\t\t\t\t<\/div>\n\t\t<\/div>\n\t\t\t\t\t\t\t<\/div>\n\t\t<\/section>\n\t\t\t\t\t<\/div>\n\t\t<\/div>\n\t\t\t\t\t\t\t<\/div>\n\t\t<\/section>\n\t\t\t\t\t\t\t<\/div>","protected":false},"excerpt":{"rendered":"<p>Amerikan Ruleti Minsk'in tam merkezindeki kumarhanede s\u0131n\u0131rs\u0131z oynay\u0131n! Klasik Amerikan ruleti muhtemelen en pop\u00fcler ve kumar oyunudur....<\/p>","protected":false},"author":1,"featured_media":0,"parent":0,"menu_order":0,"comment_status":"closed","ping_status":"closed","template":"templates\/full-width.php","meta":{"footnotes":""},"class_list":["post-1055","page","type-page","status-publish","hentry"],"acf":[],"yoast_head":"<!-- This site is optimized with the Yoast SEO plugin v19.8 - https:\/\/yoast.com\/wordpress\/plugins\/seo\/ -->\n<title>\u0410\u043c\u0435\u0440\u0438\u043a\u0430\u043d\u0441\u043a\u0430\u044f \u0440\u0443\u043b\u0435\u0442\u043a\u0430 - Carat Casino<\/title>\n<meta name=\"robots\" content=\"index, follow, max-snippet:-1, max-image-preview:large, max-video-preview:-1\" \/>\n<link rel=\"canonical\" href=\"https:\/\/caratcasino.by\/tr\/amerikanskaja-ruletka\/\" \/>\n<meta property=\"og:locale\" content=\"tr_TR\" \/>\n<meta property=\"og:type\" content=\"article\" \/>\n<meta property=\"og:title\" content=\"\u0410\u043c\u0435\u0440\u0438\u043a\u0430\u043d\u0441\u043a\u0430\u044f \u0440\u0443\u043b\u0435\u0442\u043a\u0430 - Carat Casino\" \/>\n<meta property=\"og:description\" content=\"\u0410\u043c\u0435\u0440\u0438\u043a\u0430\u043d\u0441\u043a\u0430\u044f \u0440\u0443\u043b\u0435\u0442\u043a\u0430 \u0412 \u043a\u0430\u0437\u0438\u043d\u043e \u0432 \u0441\u0430\u043c\u043e\u043c \u0446\u0435\u043d\u0442\u0440\u0435 \u041c\u0438\u043d\u0441\u043a\u0430 \u0438\u0433\u0440\u0430\u0439\u0442\u0435 \u0431\u0435\u0437 \u043e\u0433\u0440\u0430\u043d\u0438\u0447\u0435\u043d\u0438\u0439! \u041a\u043b\u0430\u0441\u0441\u0438\u0447\u0435\u0441\u043a\u0430\u044f \u0430\u043c\u0435\u0440\u0438\u043a\u0430\u043d\u0441\u043a\u0430\u044f \u0440\u0443\u043b\u0435\u0442\u043a\u0430, \u043f\u043e\u0436\u0430\u043b\u0443\u0439, \u0441\u0430\u043c\u0430\u044f \u0432\u043e\u0441\u0442\u0440\u0435\u0431\u043e\u0432\u0430\u043d\u043d\u0430\u044f \u0438 \u0430\u0437\u0430\u0440\u0442\u043d\u0430\u044f \u0438\u0433\u0440\u0430...\" \/>\n<meta property=\"og:url\" content=\"https:\/\/caratcasino.by\/tr\/amerikanskaja-ruletka\/\" \/>\n<meta property=\"og:site_name\" content=\"Carat Casino\" \/>\n<meta property=\"article:modified_time\" content=\"2022-10-18T12:47:07+00:00\" \/>\n<meta property=\"og:image\" content=\"https:\/\/caratcasino.by\/wp-content\/uploads\/2022\/10\/DSC_4128.jpg\" \/>\n<meta name=\"twitter:card\" content=\"summary_large_image\" \/>\n<meta name=\"twitter:label1\" content=\"Tahmini okuma s\u00fcresi\" \/>\n\t<meta name=\"twitter:data1\" content=\"2 dakika\" \/>\n<script type=\"application\/ld+json\" class=\"yoast-schema-graph\">{\"@context\":\"https:\/\/schema.org\",\"@graph\":[{\"@type\":\"WebPage\",\"@id\":\"https:\/\/caratcasino.by\/amerikanskaja-ruletka\/\",\"url\":\"https:\/\/caratcasino.by\/amerikanskaja-ruletka\/\",\"name\":\"\u0410\u043c\u0435\u0440\u0438\u043a\u0430\u043d\u0441\u043a\u0430\u044f \u0440\u0443\u043b\u0435\u0442\u043a\u0430 - Carat Casino\",\"isPartOf\":{\"@id\":\"https:\/\/caratcasino.by\/#website\"},\"datePublished\":\"2021-05-07T01:01:57+00:00\",\"dateModified\":\"2022-10-18T12:47:07+00:00\",\"breadcrumb\":{\"@id\":\"https:\/\/caratcasino.by\/amerikanskaja-ruletka\/#breadcrumb\"},\"inLanguage\":\"tr\",\"potentialAction\":[{\"@type\":\"ReadAction\",\"target\":[\"https:\/\/caratcasino.by\/amerikanskaja-ruletka\/\"]}]},{\"@type\":\"BreadcrumbList\",\"@id\":\"https:\/\/caratcasino.by\/amerikanskaja-ruletka\/#breadcrumb\",\"itemListElement\":[{\"@type\":\"ListItem\",\"position\":1,\"name\":\"\u0413\u043b\u0430\u0432\u043d\u0430\u044f \u0441\u0442\u0440\u0430\u043d\u0438\u0446\u0430\",\"item\":\"https:\/\/caratcasino.by\/\"},{\"@type\":\"ListItem\",\"position\":2,\"name\":\"\u0410\u043c\u0435\u0440\u0438\u043a\u0430\u043d\u0441\u043a\u0430\u044f \u0440\u0443\u043b\u0435\u0442\u043a\u0430\"}]},{\"@type\":\"WebSite\",\"@id\":\"https:\/\/caratcasino.by\/#website\",\"url\":\"https:\/\/caratcasino.by\/\",\"name\":\"Carat Casino\",\"description\":\"\u043a\u0430\u0437\u0438\u043d\u043e \u0432 \u0446\u0435\u043d\u0442\u0440\u0435 \u041c\u0438\u043d\u0441\u043a\u0430\",\"publisher\":{\"@id\":\"https:\/\/caratcasino.by\/#organization\"},\"potentialAction\":[{\"@type\":\"SearchAction\",\"target\":{\"@type\":\"EntryPoint\",\"urlTemplate\":\"https:\/\/caratcasino.by\/?s={search_term_string}\"},\"query-input\":\"required name=search_term_string\"}],\"inLanguage\":\"tr\"},{\"@type\":\"Organization\",\"@id\":\"https:\/\/caratcasino.by\/#organization\",\"name\":\"Carat Casino\",\"url\":\"https:\/\/caratcasino.by\/\",\"sameAs\":[],\"logo\":{\"@type\":\"ImageObject\",\"inLanguage\":\"tr\",\"@id\":\"https:\/\/caratcasino.by\/#\/schema\/logo\/image\/\",\"url\":\"https:\/\/caratcasino.by\/wp-content\/uploads\/2022\/09\/cropped-cropped-cropped-logo-4.png\",\"contentUrl\":\"https:\/\/caratcasino.by\/wp-content\/uploads\/2022\/09\/cropped-cropped-cropped-logo-4.png\",\"width\":511,\"height\":150,\"caption\":\"Carat Casino\"},\"image\":{\"@id\":\"https:\/\/caratcasino.by\/#\/schema\/logo\/image\/\"}}]}<\/script>\n<!-- \/ Yoast SEO plugin. -->","yoast_head_json":{"title":"\u0410\u043c\u0435\u0440\u0438\u043a\u0430\u043d\u0441\u043a\u0430\u044f \u0440\u0443\u043b\u0435\u0442\u043a\u0430 - Carat Casino","robots":{"index":"index","follow":"follow","max-snippet":"max-snippet:-1","max-image-preview":"max-image-preview:large","max-video-preview":"max-video-preview:-1"},"canonical":"https:\/\/caratcasino.by\/tr\/amerikanskaja-ruletka\/","og_locale":"tr_TR","og_type":"article","og_title":"\u0410\u043c\u0435\u0440\u0438\u043a\u0430\u043d\u0441\u043a\u0430\u044f \u0440\u0443\u043b\u0435\u0442\u043a\u0430 - Carat Casino","og_description":"\u0410\u043c\u0435\u0440\u0438\u043a\u0430\u043d\u0441\u043a\u0430\u044f \u0440\u0443\u043b\u0435\u0442\u043a\u0430 \u0412 \u043a\u0430\u0437\u0438\u043d\u043e \u0432 \u0441\u0430\u043c\u043e\u043c \u0446\u0435\u043d\u0442\u0440\u0435 \u041c\u0438\u043d\u0441\u043a\u0430 \u0438\u0433\u0440\u0430\u0439\u0442\u0435 \u0431\u0435\u0437 \u043e\u0433\u0440\u0430\u043d\u0438\u0447\u0435\u043d\u0438\u0439! \u041a\u043b\u0430\u0441\u0441\u0438\u0447\u0435\u0441\u043a\u0430\u044f \u0430\u043c\u0435\u0440\u0438\u043a\u0430\u043d\u0441\u043a\u0430\u044f \u0440\u0443\u043b\u0435\u0442\u043a\u0430, \u043f\u043e\u0436\u0430\u043b\u0443\u0439, \u0441\u0430\u043c\u0430\u044f \u0432\u043e\u0441\u0442\u0440\u0435\u0431\u043e\u0432\u0430\u043d\u043d\u0430\u044f \u0438 \u0430\u0437\u0430\u0440\u0442\u043d\u0430\u044f \u0438\u0433\u0440\u0430...","og_url":"https:\/\/caratcasino.by\/tr\/amerikanskaja-ruletka\/","og_site_name":"Carat Casino","article_modified_time":"2022-10-18T12:47:07+00:00","og_image":[{"url":"https:\/\/caratcasino.by\/wp-content\/uploads\/2022\/10\/DSC_4128.jpg"}],"twitter_card":"summary_large_image","twitter_misc":{"Tahmini okuma s\u00fcresi":"2 dakika"},"schema":{"@context":"https:\/\/schema.org","@graph":[{"@type":"WebPage","@id":"https:\/\/caratcasino.by\/amerikanskaja-ruletka\/","url":"https:\/\/caratcasino.by\/amerikanskaja-ruletka\/","name":"\u0410\u043c\u0435\u0440\u0438\u043a\u0430\u043d\u0441\u043a\u0430\u044f \u0440\u0443\u043b\u0435\u0442\u043a\u0430 - Carat Casino","isPartOf":{"@id":"https:\/\/caratcasino.by\/#website"},"datePublished":"2021-05-07T01:01:57+00:00","dateModified":"2022-10-18T12:47:07+00:00","breadcrumb":{"@id":"https:\/\/caratcasino.by\/amerikanskaja-ruletka\/#breadcrumb"},"inLanguage":"tr","potentialAction":[{"@type":"ReadAction","target":["https:\/\/caratcasino.by\/amerikanskaja-ruletka\/"]}]},{"@type":"BreadcrumbList","@id":"https:\/\/caratcasino.by\/amerikanskaja-ruletka\/#breadcrumb","itemListElement":[{"@type":"ListItem","position":1,"name":"\u0413\u043b\u0430\u0432\u043d\u0430\u044f \u0441\u0442\u0440\u0430\u043d\u0438\u0446\u0430","item":"https:\/\/caratcasino.by\/"},{"@type":"ListItem","position":2,"name":"\u0410\u043c\u0435\u0440\u0438\u043a\u0430\u043d\u0441\u043a\u0430\u044f \u0440\u0443\u043b\u0435\u0442\u043a\u0430"}]},{"@type":"WebSite","@id":"https:\/\/caratcasino.by\/#website","url":"https:\/\/caratcasino.by\/","name":"Carat Casino","description":"\u043a\u0430\u0437\u0438\u043d\u043e \u0432 \u0446\u0435\u043d\u0442\u0440\u0435 \u041c\u0438\u043d\u0441\u043a\u0430","publisher":{"@id":"https:\/\/caratcasino.by\/#organization"},"potentialAction":[{"@type":"SearchAction","target":{"@type":"EntryPoint","urlTemplate":"https:\/\/caratcasino.by\/?s={search_term_string}"},"query-input":"required name=search_term_string"}],"inLanguage":"tr"},{"@type":"Organization","@id":"https:\/\/caratcasino.by\/#organization","name":"Carat Casino","url":"https:\/\/caratcasino.by\/","sameAs":[],"logo":{"@type":"ImageObject","inLanguage":"tr","@id":"https:\/\/caratcasino.by\/#\/schema\/logo\/image\/","url":"https:\/\/caratcasino.by\/wp-content\/uploads\/2022\/09\/cropped-cropped-cropped-logo-4.png","contentUrl":"https:\/\/caratcasino.by\/wp-content\/uploads\/2022\/09\/cropped-cropped-cropped-logo-4.png","width":511,"height":150,"caption":"Carat Casino"},"image":{"@id":"https:\/\/caratcasino.by\/#\/schema\/logo\/image\/"}}]}},"_links":{"self":[{"href":"https:\/\/caratcasino.by\/tr\/wp-json\/wp\/v2\/pages\/1055","targetHints":{"allow":["GET"]}}],"collection":[{"href":"https:\/\/caratcasino.by\/tr\/wp-json\/wp\/v2\/pages"}],"about":[{"href":"https:\/\/caratcasino.by\/tr\/wp-json\/wp\/v2\/types\/page"}],"author":[{"embeddable":true,"href":"https:\/\/caratcasino.by\/tr\/wp-json\/wp\/v2\/users\/1"}],"replies":[{"embeddable":true,"href":"https:\/\/caratcasino.by\/tr\/wp-json\/wp\/v2\/comments?post=1055"}],"version-history":[{"count":41,"href":"https:\/\/caratcasino.by\/tr\/wp-json\/wp\/v2\/pages\/1055\/revisions"}],"predecessor-version":[{"id":3456,"href":"https:\/\/caratcasino.by\/tr\/wp-json\/wp\/v2\/pages\/1055\/revisions\/3456"}],"wp:attachment":[{"href":"https:\/\/caratcasino.by\/tr\/wp-json\/wp\/v2\/media?parent=1055"}],"curies":[{"name":"wp","href":"https:\/\/api.w.org\/{rel}","templated":true}]}}